{"id":272,"date":"2019-09-10T13:55:35","date_gmt":"2019-09-10T13:55:35","guid":{"rendered":"http:\/\/synclify.de\/impressum"},"modified":"2019-09-10T13:55:35","modified_gmt":"2019-09-10T13:55:35","slug":"impressum","status":"publish","type":"page","link":"https:\/\/synclify.de\/en\/impressum","title":{"rendered":"Impressum"},"content":{"rendered":"\r\n<section id=\"\" class=\"content-module header-module alignfull \">\r\n    <div class=\"background-wrap\">\r\n\r\n        <img decoding=\"async\" src=\"https:\/\/synclify.de\/wp-content\/uploads\/2019\/09\/header-test.jpg\" alt=\"Header image\">\r\n\r\n    <\/div>\r\n    <div class=\"logo-wrap mt-auto\">\r\n        <a href=\"https:\/\/synclify.de\/en\"><svg xmlns=\"http:\/\/www.w3.org\/2000\/svg\" viewBox=\"0 0 800 400\">\r\n  <path d=\"M97.1 259.7H34.4v-27.3h62.7c1.9 0 3.5-.7 4.8-2 1.3-1.3 2-2.9 2-4.8s-.7-3.2-2-3.8c-1.3-.6-3-.9-4.8-.9H68.6c-4.8 0-9.2-.9-13.4-2.7-4.2-1.8-7.8-4.3-10.9-7.4-3.1-3.1-5.5-6.8-7.3-10.9-1.8-4.2-2.7-8.6-2.7-13.4 0-4.8.9-9.2 2.7-13.4 1.8-4.2 4.2-7.8 7.3-10.9 3.1-3.1 6.7-5.5 10.9-7.3 4.2-1.8 8.6-2.7 13.4-2.7h55.6v27.3H68.6c-1.9 0-3.5.7-4.8 2-1.3 1.3-2 3-2 4.8 0 1.9.7 3.6 2 5s2.9 2.1 4.8 2.1h28.6c4.7 0 9.1.8 13.3 2.4 4.2 1.6 7.8 3.8 10.9 6.6 3.1 2.8 5.5 6.2 7.3 10.2 1.8 4 2.7 8.3 2.7 13 0 4.8-.9 9.2-2.7 13.3-1.8 4.1-4.3 7.7-7.3 10.9-3.1 3.1-6.7 5.6-10.9 7.3-4.3 1.7-8.7 2.6-13.4 2.6zM169.5 300.7V273l15.3.2c2.7 0 5.3-.4 7.7-1.3 2.5-.9 4.8-2.1 6.9-3.6 2.1-1.5 4-3.4 5.6-5.5 1.6-2.1 2.9-4.4 3.9-6.9-3 1.3-6.1 2.5-9.2 3.8-3.1 1.3-6.3 1.9-9.4 1.9-6.6 0-12.9-1.2-18.7-3.5-5.8-2.3-10.9-5.7-15.3-10s-7.8-9.6-10.4-15.8c-2.5-6.2-3.8-13.2-3.8-20.9V152h27.3v59.5c0 3.8.6 7.2 1.7 10 1.1 2.9 2.6 5.2 4.5 7.1 1.9 1.9 4.1 3.3 6.6 4.3s5.2 1.4 8.1 1.4c2.8 0 5.5-.7 8-2s4.7-3 6.6-5.2c1.9-2.1 3.4-4.6 4.4-7.3 1.1-2.7 1.6-5.5 1.6-8.4V152h27.6v94.1c-.1 7.6-1.5 14.7-4.4 21.3-2.9 6.6-6.8 12.4-11.8 17.4-5 5-10.8 8.9-17.4 11.8s-13.7 4.3-21.3 4.3l-14.1-.2zM461.8 173.4l-20.1 20.2c-1-2.8-2.4-5.3-4.1-7.6-1.7-2.2-3.7-4.1-5.9-5.7s-4.5-2.7-7.1-3.5c-2.5-.8-5.2-1.2-7.8-1.2-3.8 0-7.3.8-10.6 2.3-3.3 1.5-6.2 3.7-8.6 6.5-2.4 2.8-4.4 6.1-5.8 9.9-1.4 3.8-2.1 8-2.1 12.7 0 3.8.7 7.3 2.1 10.6 1.4 3.3 3.3 6.2 5.8 8.6 2.4 2.5 5.3 4.4 8.6 5.8 3.3 1.4 6.9 2.1 10.6 2.1 2.7 0 5.3-.4 7.7-1.1 2.5-.7 4.8-1.8 7-3.2 2.2-1.4 4.1-3 5.8-5 1.7-2 3.1-4.2 4.2-6.6l20.1 20.2c-2.5 3.6-5.5 6.9-8.8 9.8-3.3 2.9-6.9 5.3-10.8 7.3-3.9 2-7.9 3.5-12.2 4.6-4.3 1-8.6 1.6-13.1 1.6-7.6 0-14.7-1.4-21.4-4.3-6.7-2.8-12.5-6.8-17.5-11.7-5-5-8.9-10.8-11.8-17.4-2.9-6.6-4.3-13.7-4.3-21.3 0-8.2 1.4-15.9 4.3-23.1 2.9-7.2 6.8-13.4 11.8-18.8 5-5.3 10.8-9.5 17.5-12.6 6.7-3.1 13.8-4.6 21.4-4.6 4.5 0 8.9.6 13.2 1.7 4.3 1.1 8.4 2.8 12.4 5 3.9 2.2 7.5 4.8 10.9 8 3.3 3.1 6.2 6.7 8.6 10.8zM503.2 259.7h-27.6V104h27.6v155.7zM552.2 259.7h-27.6V152h27.6v107.7zM611.1 259.7h-27.4v-80.3h-16.3V152h16.3c0-6.6 1.3-12.9 3.8-18.7 2.5-5.8 6-10.9 10.4-15.2 4.4-4.3 9.5-7.7 15.3-10.3s12.1-3.8 18.7-3.8h1.1v27.3h-1.1c-3 0-5.7.5-8.2 1.6-2.5 1-4.7 2.5-6.5 4.3-1.8 1.8-3.3 4-4.4 6.5-1.1 2.5-1.6 5.2-1.6 8.2h33.7v27.3h-33.7v80.5z\" fill=\"#fff\"\/>\r\n  <path d=\"M662.9 300.7V273l15.3.2c2.7 0 5.3-.4 7.7-1.3 2.5-.9 4.8-2.1 6.9-3.6 2.1-1.5 4-3.4 5.6-5.5 1.6-2.1 2.9-4.4 3.9-6.9-3 1.3-6.1 2.5-9.2 3.8-3.1 1.3-6.3 1.9-9.4 1.9-6.6 0-12.9-1.2-18.7-3.5-5.8-2.3-10.9-5.7-15.3-10s-7.8-9.6-10.4-15.8c-2.5-6.2-3.8-13.2-3.8-20.9V152h27.3v59.5c0 3.8.6 7.2 1.7 10 1.1 2.9 2.6 5.2 4.5 7.1s4.1 3.3 6.6 4.3 5.2 1.4 8.1 1.4c2.8 0 5.5-.7 8-2s4.7-3 6.6-5.2c1.9-2.1 3.3-4.6 4.4-7.3 1.1-2.7 1.6-5.5 1.6-8.4V152H732v94.1c-.1 7.6-1.5 14.7-4.4 21.3-2.9 6.6-6.8 12.4-11.8 17.4-5 5-10.8 8.9-17.4 11.8-6.6 2.9-13.7 4.3-21.3 4.3l-14.2-.2zM346.9 179.4c-2.5-5.9-5.9-11-10.3-15.4s-9.5-7.8-15.3-10.4c-.4-.2-.9-.3-1.4-.5-4.2-1.6-8.5-2.7-13-3.1h-.2c-1.3-.1-2.7-.2-4-.2h-.4c-1.4 0-2.7.1-4 .2h-.2c-4.5.4-8.8 1.4-13 3.1-.4.2-.9.3-1.4.5-5.8 2.5-10.9 6-15.3 10.4s-7.8 9.5-10.3 15.4c-2.5 5.9-3.8 12.1-3.8 18.8v61.5h27.4v-61.5c0-2.8.5-5.5 1.6-8s2.5-4.7 4.4-6.6 4.1-3.4 6.5-4.4h.1c2.5-1.1 5.2-1.6 8-1.6s5.5.6 8 1.6h.1c2.5 1.1 4.7 2.5 6.5 4.4 1.9 1.9 3.4 4.1 4.4 6.6 1.1 2.5 1.6 5.2 1.6 8v61.5h27.4v-61.5c.4-6.7-.9-13-3.4-18.8zM555.2 121.2c0 2.4-.5 4.6-1.3 6.6-.9 2-2.1 3.8-3.7 5.4-1.6 1.5-3.4 2.7-5.4 3.6-2.1.9-4.3 1.4-6.7 1.4-2.4 0-4.6-.5-6.7-1.4-2.1-.9-3.9-2.1-5.4-3.6-1.5-1.5-2.7-3.3-3.6-5.4-.9-2-1.4-4.3-1.4-6.6s.5-4.5 1.4-6.6c.9-2.1 2.1-3.9 3.6-5.4 1.5-1.5 3.3-2.7 5.4-3.6 2.1-.9 4.3-1.4 6.7-1.4 2.4 0 4.6.5 6.7 1.4 2.1.9 3.9 2.1 5.4 3.6 1.6 1.5 2.8 3.3 3.7 5.4.8 2.1 1.3 4.3 1.3 6.6z\" fill=\"#fff\"\/>\r\n  <path d=\"M732 109c-1.7 0-3.5-.5-5-1.5-49.7-31.7-102.7-47.8-157.6-47.8-54.9 0-107.9 16.1-157.6 47.8-4.4 2.8-10.2 1.5-12.9-2.9-2.8-4.4-1.5-10.2 2.9-12.9C454.3 58.1 510.8 41 569.3 41s115 17.1 167.7 50.7c4.4 2.8 5.6 8.6 2.9 12.9-1.8 2.8-4.9 4.4-7.9 4.4zM197 359c-58.5 0-115-17.1-167.7-50.7-4.4-2.8-5.6-8.6-2.9-12.9 2.8-4.4 8.6-5.6 12.9-2.9C89 324.2 142 340.3 196.9 340.3s107.9-16.1 157.6-47.8c4.4-2.8 10.2-1.5 12.9 2.9 2.8 4.4 1.5 10.2-2.9 12.9C312 341.9 255.6 359 197 359zM768.2 113.9c2.1 1.2 3.7 2.8 5 4.9 1.2 2.1 1.8 4.3 1.8 6.8s-.6 4.8-1.8 6.9c-1.2 2.1-2.9 3.7-5 5-2.1 1.2-4.4 1.8-6.9 1.8s-4.8-.6-6.9-1.8c-2.1-1.2-3.8-2.9-5-5-1.2-2.1-1.8-4.4-1.8-6.9s.6-4.7 1.8-6.8c1.2-2.1 2.9-3.7 5-4.9 2.1-1.2 4.4-1.8 6.9-1.8s4.8.6 6.9 1.8zm-1.3 21.3c1.7-1 3-2.3 4-4 1-1.7 1.5-3.6 1.5-5.6 0-2-.5-3.8-1.5-5.5-1-1.7-2.3-3-4-4-1.7-1-3.6-1.5-5.6-1.5-2 0-3.9.5-5.6 1.5-1.7 1-3 2.3-4 4-1 1.7-1.5 3.5-1.5 5.5s.5 3.9 1.5 5.6c1 1.7 2.3 3 4 4 1.7 1 3.6 1.5 5.6 1.5 2.1 0 3.9-.5 5.6-1.5zm-1.7-10.1c-.3.6-.8 1-1.3 1.2-.2.1-.3.3-.2.4l1.8 4.4.1.3c0 .4-.2.6-.6.6h-1c-.4 0-.6-.2-.8-.6l-1.7-4.5c0-.1-.1-.2-.3-.2h-1.1c-.2 0-.3.1-.3.3v4.3c0 .5-.2.7-.7.7h-.8c-.5 0-.7-.2-.7-.7v-11.1c0-.5.2-.7.7-.7h3.7c1.1 0 1.9.3 2.6 1 .7.7 1 1.6 1 2.7.1.7 0 1.4-.4 1.9zm-5.3-3.5v3.1c0 .2.1.3.3.3h1.6c.6 0 1-.2 1.3-.5.3-.4.5-.8.5-1.3 0-.6-.2-1.1-.5-1.4-.3-.3-.8-.5-1.3-.5h-1.6c-.2.1-.3.2-.3.3z\" fill=\"#fff\"\/>\r\n<\/svg><\/a>\r\n    <\/div>\r\n    <div class=\"content-wrap text-center text-white mb-auto\"><div class=\"container\">\r\n        <h1 class=\"header-headline mt-2 mb-3\">Impressum<\/h1><h2 class=\"header-sub-headline\">Angaben gem\u00e4\u00df \u00a7 5 TMG:<\/h2>    <\/div><\/div>\r\n\r\n    <a class=\"scroll-down\" href=\"#\"><svg xmlns=\"http:\/\/www.w3.org\/2000\/svg\" viewBox=\"0 0 72 40\">\r\n  <path d=\"M65 9L47.2 26.4c-6.2 6.1-16.3 6.1-22.5 0L7 9\" fill=\"none\" stroke=\"#fff\" stroke-width=\"14.6229\" stroke-miterlimit=\"10\"\/>\r\n<\/svg><\/a>\r\n\r\n<\/section>\n\n\n<p><\/p>\n\n\n\n<p>ASM SyncroTec GmbH<br>Hainteichstra\u00dfe 71<br> 33613 Bielefeld<\/p>\n\n\n\n<p>Umsatzsteuer-Identifikationsnummer gem\u00e4\u00df \u00a7 27a UStG: DE 255547802<br>Handelsregister-Nr.: HRB 38707 Amtsgericht Bielefeld<br>Gesch\u00e4ftsf\u00fchrung: Burkhard Herbach, Frank Marowski, Christian Vollmer<\/p>\n\n\n\n<p><a href=\"http:\/\/synclify.de\/datenschutz\">Datenschutzbeauftragter: Leon K. G\u00f6rges<\/a><\/p>\n\n\n\n<h3 class=\"wp-block-heading\">Haftungsausschluss (Disclaimer)<\/h3>\n\n\n\n<p><strong>Haftung f\u00fcr Inhalte<\/strong><\/p>\n\n\n\n<p>Als Diensteanbieter sind wir gem\u00e4\u00df \u00a7 7 Abs.1 TMG f\u00fcr eigene Inhalte auf diesen Seiten nach den allgemeinen Gesetzen verantwortlich. Nach \u00a7\u00a7 8 bis 10 TMG sind wir als Diensteanbieter jedoch nicht verpflichtet, \u00fcbermittelte oder gespeicherte fremde Informationen zu \u00fcberwachen oder nach Umst\u00e4nden zu forschen, die auf eine rechtswidrige T\u00e4tigkeit hinweisen.<br>\nVerpflichtungen zur Entfernung oder Sperrung der Nutzung von Informationen nach den allgemeinen Gesetzen bleiben hiervon unber\u00fchrt. Eine diesbez\u00fcgliche Haftung ist jedoch erst ab dem Zeitpunkt der Kenntnis einer konkreten Rechtsverletzung m\u00f6glich. Bei Bekanntwerden von entsprechenden Rechtsverletzungen werden wir diese Inhalte umgehend entfernen.<\/p>\n\n\n\n<p><strong>Haftung f\u00fcr Links<\/strong><\/p>\n\n\n\n<p>Unser Angebot enth\u00e4lt Links zu externen Webseiten Dritter, auf deren Inhalte wir keinen Einfluss haben. Deshalb k\u00f6nnen wir f\u00fcr diese fremden Inhalte auch keine Gew\u00e4hr \u00fcbernehmen. F\u00fcr die Inhalte der verlinkten Seiten ist stets der jeweilige Anbieter oder Betreiber der Seiten verantwortlich. Die verlinkten Seiten wurden zum Zeitpunkt der Verlinkung auf m\u00f6gliche Rechtsverst\u00f6\u00dfe \u00fcberpr\u00fcft. Rechtswidrige Inhalte waren zum Zeitpunkt der Verlinkung nicht erkennbar.<br> Eine permanente inhaltliche Kontrolle der verlinkten Seiten ist jedoch ohne konkrete Anhaltspunkte einer Rechtsverletzung nicht zumutbar. Bei Bekanntwerden von Rechtsverletzungen werden wir derartige Links umgehend entfernen.<\/p>\n\n\n\n<h3 class=\"wp-block-heading\">Bildnachweis <\/h3>\n\n\n\n<p>Die verwendeten Bilder wurden vom Auftraggeber zur Verf\u00fcgung gestellt:<\/p>\n\n\n\n<p>Nolte K\u00fcchen \u2013 <a rel=\"noreferrer noopener\" href=\"http:\/\/www.nolte-kuechen.de\/\" target=\"_blank\">www.nolte-kuechen.de<\/a><br>Linak \u2013 <a rel=\"noreferrer noopener\" href=\"http:\/\/www.linak.de\/\" target=\"_blank\">www.linak.de<\/a><\/p>\n\n\n\n<p><\/p>\n","protected":false},"excerpt":{"rendered":"<p>ASM SyncroTec GmbHHainteichstra\u00dfe 71 33613 Bielefeld Umsatzsteuer-Identifikationsnummer gem\u00e4\u00df \u00a7 27a UStG: DE 255547802Handelsregister-Nr.: HRB 38707 Amtsgericht BielefeldGesch\u00e4ftsf\u00fchrung: Burkhard Herbach, Frank [&hellip;]<\/p>\n","protected":false},"author":3,"featured_media":0,"parent":0,"menu_order":0,"comment_status":"closed","ping_status":"closed","template":"","meta":{"_acf_changed":false,"footnotes":""},"class_list":["post-272","page","type-page","status-publish","hentry"],"acf":[],"yoast_head":"<!-- This site is optimized with the Yoast SEO plugin v26.4 - https:\/\/yoast.com\/wordpress\/plugins\/seo\/ -->\n<title>ASM Synclify - Impressum<\/title>\n<meta name=\"robots\" content=\"index, follow, max-snippet:-1, max-image-preview:large, max-video-preview:-1\" \/>\n<link rel=\"canonical\" href=\"https:\/\/synclify.de\/en\/impressum\" \/>\n<meta property=\"og:locale\" content=\"en_US\" \/>\n<meta property=\"og:type\" content=\"article\" \/>\n<meta property=\"og:title\" content=\"ASM Synclify - Impressum\" \/>\n<meta property=\"og:description\" content=\"ASM SyncroTec GmbHHainteichstra\u00dfe 71 33613 Bielefeld Umsatzsteuer-Identifikationsnummer gem\u00e4\u00df \u00a7 27a UStG: DE 255547802Handelsregister-Nr.: HRB 38707 Amtsgericht BielefeldGesch\u00e4ftsf\u00fchrung: Burkhard Herbach, Frank [&hellip;]\" \/>\n<meta property=\"og:url\" content=\"https:\/\/synclify.de\/en\/impressum\" \/>\n<meta property=\"og:site_name\" content=\"ASM Synclify\" \/>\n<meta name=\"twitter:card\" content=\"summary_large_image\" \/>\n<meta name=\"twitter:label1\" content=\"Est. reading time\" \/>\n\t<meta name=\"twitter:data1\" content=\"1 minute\" \/>\n<script type=\"application\/ld+json\" class=\"yoast-schema-graph\">{\"@context\":\"https:\/\/schema.org\",\"@graph\":[{\"@type\":\"WebPage\",\"@id\":\"https:\/\/synclify.de\/en\/impressum\",\"url\":\"https:\/\/synclify.de\/en\/impressum\",\"name\":\"ASM Synclify - Impressum\",\"isPartOf\":{\"@id\":\"https:\/\/synclify.de\/en#website\"},\"datePublished\":\"2019-09-10T13:55:35+00:00\",\"breadcrumb\":{\"@id\":\"https:\/\/synclify.de\/en\/impressum#breadcrumb\"},\"inLanguage\":\"en-US\",\"potentialAction\":[{\"@type\":\"ReadAction\",\"target\":[\"https:\/\/synclify.de\/en\/impressum\"]}]},{\"@type\":\"BreadcrumbList\",\"@id\":\"https:\/\/synclify.de\/en\/impressum#breadcrumb\",\"itemListElement\":[{\"@type\":\"ListItem\",\"position\":1,\"name\":\"Startseite\",\"item\":\"https:\/\/synclify.de\/en\"},{\"@type\":\"ListItem\",\"position\":2,\"name\":\"Impressum\"}]},{\"@type\":\"WebSite\",\"@id\":\"https:\/\/synclify.de\/en#website\",\"url\":\"https:\/\/synclify.de\/en\",\"name\":\"ASM Synclify\",\"description\":\"Invisible Technologies\",\"potentialAction\":[{\"@type\":\"SearchAction\",\"target\":{\"@type\":\"EntryPoint\",\"urlTemplate\":\"https:\/\/synclify.de\/en?s={search_term_string}\"},\"query-input\":{\"@type\":\"PropertyValueSpecification\",\"valueRequired\":true,\"valueName\":\"search_term_string\"}}],\"inLanguage\":\"en-US\"}]}<\/script>\n<!-- \/ Yoast SEO plugin. -->","yoast_head_json":{"title":"ASM Synclify - Impressum","robots":{"index":"index","follow":"follow","max-snippet":"max-snippet:-1","max-image-preview":"max-image-preview:large","max-video-preview":"max-video-preview:-1"},"canonical":"https:\/\/synclify.de\/en\/impressum","og_locale":"en_US","og_type":"article","og_title":"ASM Synclify - Impressum","og_description":"ASM SyncroTec GmbHHainteichstra\u00dfe 71 33613 Bielefeld Umsatzsteuer-Identifikationsnummer gem\u00e4\u00df \u00a7 27a UStG: DE 255547802Handelsregister-Nr.: HRB 38707 Amtsgericht BielefeldGesch\u00e4ftsf\u00fchrung: Burkhard Herbach, Frank [&hellip;]","og_url":"https:\/\/synclify.de\/en\/impressum","og_site_name":"ASM Synclify","twitter_card":"summary_large_image","twitter_misc":{"Est. reading time":"1 minute"},"schema":{"@context":"https:\/\/schema.org","@graph":[{"@type":"WebPage","@id":"https:\/\/synclify.de\/en\/impressum","url":"https:\/\/synclify.de\/en\/impressum","name":"ASM Synclify - Impressum","isPartOf":{"@id":"https:\/\/synclify.de\/en#website"},"datePublished":"2019-09-10T13:55:35+00:00","breadcrumb":{"@id":"https:\/\/synclify.de\/en\/impressum#breadcrumb"},"inLanguage":"en-US","potentialAction":[{"@type":"ReadAction","target":["https:\/\/synclify.de\/en\/impressum"]}]},{"@type":"BreadcrumbList","@id":"https:\/\/synclify.de\/en\/impressum#breadcrumb","itemListElement":[{"@type":"ListItem","position":1,"name":"Startseite","item":"https:\/\/synclify.de\/en"},{"@type":"ListItem","position":2,"name":"Impressum"}]},{"@type":"WebSite","@id":"https:\/\/synclify.de\/en#website","url":"https:\/\/synclify.de\/en","name":"ASM Synclify","description":"Invisible Technologies","potentialAction":[{"@type":"SearchAction","target":{"@type":"EntryPoint","urlTemplate":"https:\/\/synclify.de\/en?s={search_term_string}"},"query-input":{"@type":"PropertyValueSpecification","valueRequired":true,"valueName":"search_term_string"}}],"inLanguage":"en-US"}]}},"_links":{"self":[{"href":"https:\/\/synclify.de\/en\/wp-json\/wp\/v2\/pages\/272","targetHints":{"allow":["GET"]}}],"collection":[{"href":"https:\/\/synclify.de\/en\/wp-json\/wp\/v2\/pages"}],"about":[{"href":"https:\/\/synclify.de\/en\/wp-json\/wp\/v2\/types\/page"}],"author":[{"embeddable":true,"href":"https:\/\/synclify.de\/en\/wp-json\/wp\/v2\/users\/3"}],"replies":[{"embeddable":true,"href":"https:\/\/synclify.de\/en\/wp-json\/wp\/v2\/comments?post=272"}],"version-history":[{"count":0,"href":"https:\/\/synclify.de\/en\/wp-json\/wp\/v2\/pages\/272\/revisions"}],"wp:attachment":[{"href":"https:\/\/synclify.de\/en\/wp-json\/wp\/v2\/media?parent=272"}],"curies":[{"name":"wp","href":"https:\/\/api.w.org\/{rel}","templated":true}]}}